{"id":3499,"date":"2019-04-24T17:53:19","date_gmt":"2019-04-24T15:53:19","guid":{"rendered":"https:\/\/wp.lex.khm.at\/data-protection\/"},"modified":"2022-01-31T11:29:08","modified_gmt":"2022-01-31T09:29:08","slug":"data-protection","status":"publish","type":"page","link":"https:\/\/provenienzforschung.gv.at\/en\/data-protection\/","title":{"rendered":"Data protection"},"content":{"rendered":"<div role=\"main\" accesskey=\"4\">\t\t<div data-elementor-type=\"wp-page\" data-elementor-id=\"3499\" class=\"elementor elementor-3499 elementor-2112\">\n\t\t\t\t\t\t\t\t\t<section class=\"elementor-section elementor-top-section elementor-element elementor-element-9a6cf85 elementor-section-boxed elementor-section-height-default elementor-section-height-default\" data-id=\"9a6cf85\" data-element_type=\"section\">\n\t\t\t\t\t\t<div class=\"elementor-container elementor-column-gap-default\">\n\t\t\t\t\t<div class=\"elementor-column elementor-col-100 elementor-top-column elementor-element elementor-element-b845222\" data-id=\"b845222\" data-element_type=\"column\">\n\t\t\t<div class=\"elementor-widget-wrap elementor-element-populated\">\n\t\t\t\t\t\t\t\t<div class=\"elementor-element elementor-element-933b059 page_title elementor-widget elementor-widget-heading\" data-id=\"933b059\" data-element_type=\"widget\" data-widget_type=\"heading.default\">\n\t\t\t\t<div class=\"elementor-widget-container\">\n\t\t\t<h1 class=\"elementor-heading-title elementor-size-default\">Data protection<\/h1>\t\t<\/div>\n\t\t\t\t<\/div>\n\t\t\t\t\t<\/div>\n\t\t<\/div>\n\t\t\t\t\t\t\t<\/div>\n\t\t<\/section>\n\t\t\t\t<section class=\"elementor-section elementor-top-section elementor-element elementor-element-9fa451d elementor-section-boxed elementor-section-height-default elementor-section-height-default\" data-id=\"9fa451d\" data-element_type=\"section\">\n\t\t\t\t\t\t<div class=\"elementor-container elementor-column-gap-default\">\n\t\t\t\t\t<div class=\"elementor-column elementor-col-33 elementor-top-column elementor-element elementor-element-d9e1b7a\" data-id=\"d9e1b7a\" data-element_type=\"column\">\n\t\t\t<div class=\"elementor-widget-wrap\">\n\t\t\t\t\t\t\t\t\t<\/div>\n\t\t<\/div>\n\t\t\t\t<div class=\"elementor-column elementor-col-66 elementor-top-column elementor-element elementor-element-9ba0f9b\" data-id=\"9ba0f9b\" data-element_type=\"column\">\n\t\t\t<div class=\"elementor-widget-wrap elementor-element-populated\">\n\t\t\t\t\t\t\t\t<div class=\"elementor-element elementor-element-1259eca elementor-widget elementor-widget-text-editor\" data-id=\"1259eca\" data-element_type=\"widget\" data-widget_type=\"text-editor.default\">\n\t\t\t\t<div class=\"elementor-widget-container\">\n\t\t\t\t\t\t\t<p><strong>Datenschutzerkl\u00e4rung<\/strong><\/p>\n<p>Der Schutz Ihrer pers\u00f6nlichen Daten ist uns ein besonderes Anliegen. Ihre Daten werden daher ausschlie\u00dflich auf Grundlage der gesetzlichen Bestimmungen (DSGVO bzw. DSG) verarbeitet. Im Folgenden informieren wir Sie \u00fcber die wichtigsten Aspekte der Datenverarbeitung im Rahmen dieser Website.<\/p>\n<p>&nbsp;<\/p>\n<p><strong>Erhebung und Speicherung personenbezogener Daten bei Besuch der Website (Serverlogs)<\/strong><\/p>\n<p>Beim Besuch dieser Website werden automatisch von Ihrem Endger\u00e4t an unsere Website Informationen gesendet. Folgende Informationen werden tempor\u00e4r in einem sogenannten Logfile gespeichert:<\/p>\n<ul>\n<li>IP-Adresse des Endger\u00e4ts<\/li>\n<li>Datum und Uhrzeit des Zugriffs<\/li>\n<li>Name und URL der abgerufenen Datei<\/li>\n<li>Website, von der aus der Zugriff erfolgt<\/li>\n<li>Verwendeter Browser und ggf. das Betriebssystem Ihres Rechners sowie der Name Ihres Access-Providers<\/li>\n<li>Diese Daten werden bis zur automatischen L\u00f6schung nach 14 Tagen aufbewahrt.<\/li>\n<\/ul>\n<p><strong><br \/>\nZweck und Rechtsgrundlage<\/strong><\/p>\n<p>Diese Daten dienen ausschlie\u00dflich der \u00dcberpr\u00fcfung der Systemsicherheit. Es erfolgt keine personenbezogene Auswertung oder Profilbildung.<\/p>\n<p>Die Rechtsgrundlage f\u00fcr die Datenverarbeitung ist Art 6 DSGVO.<\/p>\n<p>Dar\u00fcber hinaus setzen wir auf unserer Website Cookies ein, siehe unten.<\/p>\n<p><strong><br \/>\nBereitstellung<\/strong><\/p>\n<p>Die Bereitstellung personenbezogener Daten f\u00fcr den Zweck ist weder gesetzlich noch vertraglich vorgeschrieben. Die Nichtbereitstellung ist m\u00f6glich, wenn ein Besuch auf dieser Website unterbleibt.<\/p>\n<p><strong><br \/>\nEmpf\u00e4nger:innenkategorien<\/strong><\/p>\n<p>Gegebenenfalls Auftragsverarbeiter:innen der Kommission f\u00fcr Provenienzforschung beim Bundesministerium f\u00fcr Kunst, Kultur, \u00f6ffentlichen Dienst und Sport. Es erfolgt keine personenbezogene Auswertung oder Profilbildung.<\/p>\n<p><strong><br \/>\nSpeicherdauer<\/strong><\/p>\n<p>Die Daten und Informationen verbleiben auf der Website, solange dies f\u00fcr den jeweiligen Zweck erforderlich oder vertraglich vereinbart ist. Im Fall, dass Einwilligung die Grundlage der Verarbeitung ist, so lange die Einwilligung nicht widerrufen wird.<\/p>\n<p><strong><br \/>\nHinweis zu den Betroffenenrechten<\/strong><\/p>\n<p>Von den Betroffenenrechten stehen in F\u00e4llen, in denen die Datenverarbeitung auf Grundlage des Art. 6 Abs. 1 lit. a oder b DSGVO erfolgt, das Recht auf Widerspruch gem\u00e4\u00df Art. 21 DSGVO nicht zu. Wenn die Datenverarbeitung auf Grundlage des Art. 6 Abs. 1 lit. e DSGVO erfolgt, stehen in diesen F\u00e4llen die Rechte auf L\u00f6schung und Daten\u00fcbertragbarkeit gem\u00e4\u00df Art. 17 und 20 DSGVO nicht zu.<\/p>\n<p><strong><br \/>\nKontakt<\/strong><\/p>\n<p>Daten, die Sie uns per E-Mail bekannt geben, werden von den Mitarbeiter:innen verantwortungsvoll behandelt. F\u00fcr die Zusendung von Informationen wird zumindest Ihre E-Mail-Adresse ben\u00f6tigt, allenfalls wird nach weiteren Kontaktdaten gefragt. Die Verarbeitung der Kontaktdaten f\u00fcr den jeweiligen Zweck ist nur zul\u00e4ssig, wenn Sie dazu Ihre Einwilligung erteilt haben. Die M\u00f6glichkeit, Ihre Kontaktdaten bereit zu stellen, Ihre Einwilligung zur Verarbeitung der Daten zu erteilen sowie Hinweise auf Ihre Rechte nach der DSGVO einschlie\u00dflich des Rechts auf Widerruf Ihrer Einwilligung finden Sie beim jeweiligen Serviceangebot. Im Fall Ihrer Einwilligung werden Ihre Daten nur f\u00fcr den jeweiligen Zweck, f\u00fcr den Sie sie zur Verf\u00fcgung stellen, genutzt. Die Daten werden gespeichert, so lange sie f\u00fcr diesen Zweck erforderlich sind und Sie Ihre Einwilligung zur Datenverarbeitung nicht widerrufen haben.<\/p>\n<p><strong><br \/>\nCookies<\/strong><\/p>\n<p>Cookies sind kleine Textdateien, die auf dem Computer der Anfragenden gespeichert werden, um diese wiederzuerkennen. Die in den Cookies enthaltenen Informationen dienen der Sitzungssteuerung, der Lastverteilung der Server, Analysezwecken und der Erh\u00f6hung der Sicherheit von Anwendungen sowie der Anpassbarkeit und Bedienbarkeit. Dadurch kann ein hohes Ma\u00df an Benutzerfreundlichkeit der Website gew\u00e4hrleistet werden. Es werden keine personenbezogenen Daten in den Cookies gespeichert.<\/p>\n<p>Sie k\u00f6nnen die Verwendung von Cookies durch eine entsprechende Einstellung Ihrer Browsersoftware verhindern. Wenn Sie keine Cookies zulassen, k\u00f6nnen Sie unsere Website im Allgemeinen trotzdem benutzen.<\/p>\n<p><strong><br \/>\nVer\u00f6ffentlichung von Informationen mit personenbezogenen Daten<\/strong><\/p>\n<p>Eine Ver\u00f6ffentlichung von personenbezogenen Daten (insbesondere Namen und Kontaktdaten) auf dieser Website (beispielsweise Mitarbeiter:innen des Ressorts, der Kommission f\u00fcr Provenienzforschung, Mitglieder des Kunstr\u00fcckgabebeirats, Kooperationspartner:innen und Ansprechpartner:innen in Belangen der Provenienzforschung weiterer Institutionen) erfolgt zum Zweck von Kontakt- und Vernetzungsinformationen beziehungsweise zur Dokumentation.<\/p>\n<p><strong><br \/>\nZweck und Rechtsgrundlage<\/strong><\/p>\n<p>\u00d6ffentlichkeitsarbeit sowie Sammlung, Bearbeitung und Evidenthaltung der Forschung der Kommission f\u00fcr Provenienzforschung beim Bundesministerium f\u00fcr Kunst, Kultur, \u00f6ffentlichen Dienst und Sport (Information \u00fcber Ereignisse, Personen oder Sachverhalte von \u00f6ffentlichem Interesse im Wirkungsbereich des Ressorts).<\/p>\n<p>Die Rechtm\u00e4\u00dfigkeit der Verarbeitung gr\u00fcndet,<\/p>\n<ul>\n<li>sofern die Einwilligung der betroffenen Person zur Ver\u00f6ffentlichung vorliegt, auf Art. 6 Abs. 1 lit. a DSGVO: Die betroffene Person hat in die Verarbeitung der Daten zu dem Zweck eingewilligt.<\/li>\n<li>sofern die Ver\u00f6ffentlichung auf vertraglicher Grundlage erfolgt, auf Art. 6 Abs. 1 lit. b DSGVO: Die Verarbeitung ist f\u00fcr die Erf\u00fcllung eines Vertrags, dessen Vertragspartei der Betroffene ist, oder zur Durchf\u00fchrung vorvertraglicher Ma\u00dfnahmen erforderlich, die auf Anfrage des Betroffenen erfolgen.<\/li>\n<li>sonst auf Art. 6 Abs. 1 lit. e DSGVO: Die Verarbeitung ist f\u00fcr die Wahrnehmung einer Aufgabe erforderlich, die im \u00f6ffentlichen Interesse liegt. Gesetzliche Grundlage f\u00fcr die Verarbeitung gem\u00e4\u00df Art. 6 Abs. 1 lit. e DSGVO ist das Bundesministeriengesetz 1986.<\/li>\n<\/ul>\n<p><strong><br \/>\nBereitstellung<\/strong><\/p>\n<p>Die Bereitstellung personenbezogener Daten ist nicht gesetzlich vorgeschrieben, sie kann vertraglich vorgeschrieben sein. Die Nichtbereitstellung zur Folge, dass eine Verwendung der personenbezogenen Daten zur Information der \u00d6ffentlichkeit nicht m\u00f6glich w\u00e4re.<\/p>\n<p><strong><br \/>\nEmpf\u00e4nger:innenkategorien<\/strong><\/p>\n<p>Die Daten werden nicht \u00fcbermittelt. Sie sind f\u00fcr die Besucher:innen der Website zug\u00e4nglich. Gegebenenfalls haben Auftragsverarbeiter:innen der Website bzw. der Kommission f\u00fcr Provenienzforschung beim Bundesministerium f\u00fcr Kunst, Kultur, \u00f6ffentlichen Dienst und Sport Zugang auf die Daten.<\/p>\n<p><strong><br \/>\nSpeicherdauer<\/strong><\/p>\n<p>Die Daten und Informationen verbleiben auf der Website, solange dies f\u00fcr den jeweiligen Zweck erforderlich oder vertraglich vereinbart ist. Im Fall, dass Einwilligung die Grundlage der Verarbeitung ist, so lange die Einwilligung nicht widerrufen wird.<\/p>\n<p><strong><br \/>\nHinweis zu den Betroffenenrechten<\/strong><\/p>\n<p>Von den Betroffenenrechten stehen in F\u00e4llen, in denen die Datenverarbeitung auf Grundlage des Art. 6 Abs. 1 lit. a oder b DSGVO erfolgt, das Recht auf Widerspruch gem\u00e4\u00df Art. 21 DSGVO nicht zu. Art. 6 Abs. 1 lit. e DSGVO erfolgt, die Rechte auf L\u00f6schung und Daten\u00fcbertragbarkeit gem\u00e4\u00df Art. 17 und 20 DSGVO nicht zu.<\/p>\n<p><strong><br \/>\nProfiling<\/strong><\/p>\n<p>Es werden keine personenbezogenen Nutzer:innenprofile erstellt.<\/p>\n<p><strong><br \/>\nMinderj\u00e4hrigenschutz<\/strong><\/p>\n<p>Personen unter 14 Jahren sollten ohne Zustimmung der Eltern oder Erziehungsberechtigten keine personenbezogenen Daten an uns \u00fcbermitteln. Wir fordern keine personenbezogenen Daten von Kindern und Jugendlichen an. Wissentlich sammeln wir solche Daten nicht und geben sie auch nicht an Dritte weiter.<\/p>\n<p>Bei einem Angebot von Diensten der Informationsgesellschaft, das einem Kind direkt gemacht wird, ist die Einwilligung gem\u00e4\u00df Art. 6 Abs. 1 lit. a DSGVO zur Verarbeitung der personenbezogenen Daten des Kindes rechtm\u00e4\u00dfig, wenn das Kind das vierzehnte Lebensjahr vollendet hat.<\/p>\n<p><strong><br \/>\nLinks zu Webseiten anderer Anbieter<\/strong><\/p>\n<p>Unser Online-Angebot enth\u00e4lt Links zu Webseiten auch anderer Anbieter. Wir haben keinen Einfluss darauf, ob die anderen Anbieter die Datenschutzbestimmungen einhalten.<\/p>\n<p><strong><br \/>\nIhre Rechte<\/strong><\/p>\n<p>Ihnen stehen grunds\u00e4tzlich die Rechte auf Auskunft, Berichtigung, L\u00f6schung, Einschr\u00e4nkung, Daten\u00fcbertragbarkeit, Widerruf und Widerspruch zu. Wenn Sie glauben, dass die Verarbeitung Ihrer Daten gegen das Datenschutzrecht verst\u00f6\u00dft oder Ihre datenschutzrechtlichen Anspr\u00fcche sonst in einer Weise verletzt worden sind, k\u00f6nnen Sie sich bei der Aufsichtsbeh\u00f6rde beschweren. In \u00d6sterreich ist dies die Datenschutzbeh\u00f6rde.<\/p>\n<p>Sie k\u00f6nnen die folgenden, Ihnen nach der Datenschutz-Grundverordnung zustehenden Rechte mittels formlosen Antrags an die Kommission f\u00fcr Provenienzforschung wahrnehmen:<\/p>\n<ul>\n<li>Sie haben das Recht auf Auskunft, d.h. Sie k\u00f6nnen eine Best\u00e4tigung dar\u00fcber verlangen, ob Daten, die sich auf Ihre Person beziehen, verarbeitet werden. Ist dies der Fall, haben Sie das Recht, \u00fcber die verarbeiteten personenbezogenen Daten informiert zu werden (Art. 15 DSGVO).<\/li>\n<li>Wenn die Daten, die sich auf Ihre Person beziehen, unrichtig verarbeitet werden, haben Sie das Recht, Berichtigung zu verlangen. Stellen Sie fest, dass die Daten unvollst\u00e4ndig verarbeitet werden, k\u00f6nnen Sie die Vervollst\u00e4ndigung der Daten verlangen (Art. 16 DSGVO).<\/li>\n<li>Sie haben das Recht zu verlangen, dass sie sich auf Ihre Person beziehenden unverz\u00fcglich gel\u00f6scht werden (Art. 17 DSGVO); diesem Verlangen muss entsprochen werden, wenn die in dieser Bestimmung geregelten Voraussetzungen vorliegen.<\/li>\n<li>Im Fall, dass die Berichtigung oder L\u00f6schung aus wirtschaftlichen oder technischen Gr\u00fcnden nur zu bestimmten Zeitpunkten vorgenommen werden kann, muss Verarbeitung der betreffenden Daten bis zur Berichtigung oder L\u00f6schung eingeschr\u00e4nkt werden (\u00a7 4 Abs. 2 Datenschutzgesetz). Einschr\u00e4nkung der Verarbeitung bedeutet, dass die sich auf Ihre Person beziehenden Daten, von der Speicherung abgesehen, nur mit Ihrer Einwilligung oder aus bestimmten gesetzlich geregelten Gr\u00fcnden weiter verarbeitet werden d\u00fcrfen.<\/li>\n<li>Sie haben das Recht, die Einschr\u00e4nkung der Verarbeitung Ihrer Daten zu verlangen, wenn Sie\n<ul>\n<li>die Richtigkeit Ihrer verarbeiteten Daten bestreiten, f\u00fcr die Dauer der Pr\u00fcfung dieses Vorbringens durch das BMK\u00d6S,<\/li>\n<li>statt dem Recht auf L\u00f6schung unrechtm\u00e4\u00dfig verarbeiteter Daten die Einschr\u00e4nkung der Datenverarbeitung bevorzugen,<\/li>\n<li>die Daten f\u00fcr Ihre Rechtsanspr\u00fcche ben\u00f6tigen und daher nicht m\u00f6chten, dass das BMK\u00d6S diese l\u00f6scht, obwohl es sie f\u00fcr die Zwecke, f\u00fcr die sie erhoben wurden, nicht mehr ben\u00f6tigt (Art. 18 DSGVO).<\/li>\n<\/ul>\n<\/li>\n<\/ul>\n<p>Wir ersuchen Sie, Auskunftsbegehren gem. Art. 15 Datenschutz-Grundverordnung (DSGVO) an folgende E-Mail-Adresse zu richten:\u00a0<a href=\"mailto:datenschutz@bmoeds.gv.at\" target=\"_blank\" rel=\"noopener\">datenschutz@bmoeds.gv.at<\/a><\/p>\n<p>Die Wahrnehmung dieser Rechte ist f\u00fcr Sie mit keinen Kosten verbunden.<\/p>\n<p>Allerdings kann bei offenkundig unbegr\u00fcndeten oder \u2014 insbesondere im Fall von h\u00e4ufiger Wiederholung \u2014 exzessiven Antr\u00e4gen ein angemessenes Entgelt unter Ber\u00fccksichtigung der Verwaltungskosten verlangt oder von der Erledigung Ihres Antrags Abstand genommen werden.<\/p>\n<p><strong><br \/>\nBeschwerde bei der Datenschutz-Aufsichtsbeh\u00f6rde<\/strong><\/p>\n<p>Sie haben das Recht auf Beschwerde bei der Datenschutz-Aufsichtsbeh\u00f6rde \u2013 das ist in \u00d6sterreich die Datenschutzbeh\u00f6rde -, wenn Sie der Ansicht sind, dass die Verarbeitung der Ihre Person betreffenden Daten gegen die Datenschutz-Grundverordnung verst\u00f6\u00dft (Art. 77 DSGVO).<\/p>\n<p><strong><br \/>\nVerantwortliche Stelle<\/strong><\/p>\n<p>Das Bundesministerium f\u00fcr Kunst, Kultur, \u00f6ffentlichen Dienst und Sport entscheidet \u00fcber die o.a. Zwecke und die Mittel der Datenverarbeitung und ist somit Verantwortlicher im Sinne des Art. 4 Z 7 DSGVO.<\/p>\n<p>Bundesministerium f\u00fcr Kunst, Kultur, \u00f6ffentlichen Dienst und Sport<br \/>\nConcordiaplatz 2, 1010 Wien<br \/>\n<a href=\"http:\/\/www.bmkoes.gv.at\" target=\"_blank\" rel=\"noopener\">www.bmkoes.gv.at<\/a><\/p>\n<p>Die Datenschutzbeauftragte ist per E-Mail erreichbar:<br \/>\n<a href=\"mailto:datenschutzbeauftragte@bmkoes.gv.at\" target=\"_blank\" rel=\"noopener\">datenschutzbeauftragte@bmkoes.gv.at<\/a><\/p>\n<p><strong><br \/>\nAktualit\u00e4t und \u00c4nderung dieser Datenschutzerkl\u00e4rung<\/strong><\/p>\n<p>Aufgrund der Weiterentwicklung unserer Webseite und der Implementierung neuer Technologien k\u00f6nnen Aktualisierungen der Datenschutzerkl\u00e4rung n\u00f6tig werden. Wir empfehlen Ihnen daher, sich diese Datenschutzerkl\u00e4rung ab und zu erneut durchzulesen.<\/p>\n\t\t\t\t\t\t<\/div>\n\t\t\t\t<\/div>\n\t\t\t\t\t<\/div>\n\t\t<\/div>\n\t\t\t\t\t\t\t<\/div>\n\t\t<\/section>\n\t\t\t\t\t\t\t<\/div>\n\t\t<\/div>","protected":false},"excerpt":{"rendered":"<p class=\"excerpt\">Data protection Datenschutzerkl\u00e4rung Der Schutz Ihrer pers\u00f6nlichen Daten ist uns ein besonderes Anliegen. Ihre Daten werden daher ausschlie\u00dflich auf Grundlage der gesetzlichen Bestimmungen (DSGVO bzw. DSG) verarbeitet. Im Folgenden informieren wir Sie \u00fcber die wichtigsten Aspekte der Datenverarbeitung im Rahmen dieser Website. &nbsp; Erhebung und Speicherung personenbezogener Daten bei Besuch der Website (Serverlogs) Beim Besuch [&hellip;]<\/p>\n","protected":false},"author":1,"featured_media":0,"parent":0,"menu_order":0,"comment_status":"closed","ping_status":"closed","template":"","meta":{"inline_featured_image":false,"footnotes":""},"_links":{"self":[{"href":"https:\/\/provenienzforschung.gv.at\/en\/wp-json\/wp\/v2\/pages\/3499"}],"collection":[{"href":"https:\/\/provenienzforschung.gv.at\/en\/wp-json\/wp\/v2\/pages"}],"about":[{"href":"https:\/\/provenienzforschung.gv.at\/en\/wp-json\/wp\/v2\/types\/page"}],"author":[{"embeddable":true,"href":"https:\/\/provenienzforschung.gv.at\/en\/wp-json\/wp\/v2\/users\/1"}],"replies":[{"embeddable":true,"href":"https:\/\/provenienzforschung.gv.at\/en\/wp-json\/wp\/v2\/comments?post=3499"}],"version-history":[{"count":13,"href":"https:\/\/provenienzforschung.gv.at\/en\/wp-json\/wp\/v2\/pages\/3499\/revisions"}],"predecessor-version":[{"id":10187,"href":"https:\/\/provenienzforschung.gv.at\/en\/wp-json\/wp\/v2\/pages\/3499\/revisions\/10187"}],"wp:attachment":[{"href":"https:\/\/provenienzforschung.gv.at\/en\/wp-json\/wp\/v2\/media?parent=3499"}],"curies":[{"name":"wp","href":"https:\/\/api.w.org\/{rel}","templated":true}]}}