{"id":3519,"date":"2020-06-02T15:29:52","date_gmt":"2020-06-02T13:29:52","guid":{"rendered":"https:\/\/wp.lex.khm.at\/archives-in-austria\/"},"modified":"2024-05-29T16:32:10","modified_gmt":"2024-05-29T14:32:10","slug":"archives-in-austria","status":"publish","type":"page","link":"https:\/\/provenienzforschung.gv.at\/en\/research\/archives-in-austria\/","title":{"rendered":"ARCHIVES IN AUSTRIA"},"content":{"rendered":"<div role=\"main\" accesskey=\"4\">\t\t<div data-elementor-type=\"wp-page\" data-elementor-id=\"3519\" class=\"elementor elementor-3519 elementor-2444\">\n\t\t\t\t\t\t\t\t\t<section class=\"elementor-section elementor-top-section elementor-element elementor-element-d2c5412 elementor-section-boxed elementor-section-height-default elementor-section-height-default\" data-id=\"d2c5412\" data-element_type=\"section\">\n\t\t\t\t\t\t<div class=\"elementor-container elementor-column-gap-default\">\n\t\t\t\t\t<div class=\"elementor-column elementor-col-33 elementor-top-column elementor-element elementor-element-cc20c40\" data-id=\"cc20c40\" data-element_type=\"column\">\n\t\t\t<div class=\"elementor-widget-wrap elementor-element-populated\">\n\t\t\t\t\t\t\t\t<div class=\"elementor-element elementor-element-8396118 elementor-widget elementor-widget-wp-widget-nav_menu\" data-id=\"8396118\" data-element_type=\"widget\" data-widget_type=\"wp-widget-nav_menu.default\">\n\t\t\t\t<div class=\"elementor-widget-container\">\n\t\t\t<div class=\"menu-archive-en-container\"><ul id=\"menu-archive-en\" class=\"menu\"><li id=\"menu-item-5826\" class=\"menu-item menu-item-type-post_type menu-item-object-page menu-item-has-children menu-item-5826\"><a href=\"https:\/\/provenienzforschung.gv.at\/en\/research\/archiv\/\">Archive of the Federal Monuments Authority Austria<\/a>\n<ul class=\"sub-menu\">\n\t<li id=\"menu-item-5827\" class=\"menu-item menu-item-type-post_type menu-item-object-page menu-item-has-children menu-item-5827\"><a href=\"https:\/\/provenienzforschung.gv.at\/en\/research\/archiv\/restitutionsmaterialien\/\">Restitution records<\/a>\n\t<ul class=\"sub-menu\">\n\t\t<li id=\"menu-item-5828\" class=\"menu-item menu-item-type-post_type menu-item-object-page menu-item-5828\"><a href=\"https:\/\/provenienzforschung.gv.at\/en\/research\/archiv\/restitutionsmaterialien\/sicherstellungenenteignungen\/\">General Holdings \/ Seizures, Confiscation<\/a><\/li>\n\t\t<li id=\"menu-item-5829\" class=\"menu-item menu-item-type-post_type menu-item-object-page menu-item-5829\"><a href=\"https:\/\/provenienzforschung.gv.at\/en\/research\/archiv\/restitutionsmaterialien\/bergung\/\">General Holdings \/ Collecting Points, Return<\/a><\/li>\n\t\t<li id=\"menu-item-5830\" class=\"menu-item menu-item-type-post_type menu-item-object-page menu-item-5830\"><a href=\"https:\/\/provenienzforschung.gv.at\/en\/research\/archiv\/restitutionsmaterialien\/mauerbach\/\">General Holdings \/ Mauerbach<\/a><\/li>\n\t\t<li id=\"menu-item-5831\" class=\"menu-item menu-item-type-post_type menu-item-object-page menu-item-5831\"><a href=\"https:\/\/provenienzforschung.gv.at\/en\/research\/archiv\/restitutionsmaterialien\/photobestand\/\">General Holdings \/ Photos<\/a><\/li>\n\t\t<li id=\"menu-item-5832\" class=\"menu-item menu-item-type-post_type menu-item-object-page menu-item-5832\"><a href=\"https:\/\/provenienzforschung.gv.at\/en\/research\/archiv\/restitutionsmaterialien\/personenbezogen\/\">Personal Material<\/a><\/li>\n\t<\/ul>\n<\/li>\n\t<li id=\"menu-item-5833\" class=\"menu-item menu-item-type-post_type menu-item-object-page menu-item-5833\"><a href=\"https:\/\/provenienzforschung.gv.at\/en\/research\/archiv\/ausfuhrbestand\/\">Export Holdings<\/a><\/li>\n\t<li id=\"menu-item-5834\" class=\"menu-item menu-item-type-post_type menu-item-object-page menu-item-5834\"><a href=\"https:\/\/provenienzforschung.gv.at\/en\/research\/archiv\/zugaenglichkeit\/\">ACCESSIBILITY<\/a><\/li>\n<\/ul>\n<\/li>\n<li id=\"menu-item-5835\" class=\"menu-item menu-item-type-post_type menu-item-object-page menu-item-5835\"><a href=\"https:\/\/provenienzforschung.gv.at\/en\/research\/archives-in-austria\/\">ARCHIVES IN AUSTRIA<\/a><\/li>\n<li id=\"menu-item-5836\" class=\"menu-item menu-item-type-post_type menu-item-object-page menu-item-5836\"><a href=\"https:\/\/provenienzforschung.gv.at\/en\/research\/international-archives\/\">INTERNATIONAL ARCHIVES<\/a><\/li>\n<li id=\"menu-item-5837\" class=\"menu-item menu-item-type-post_type menu-item-object-page menu-item-5837\"><a href=\"https:\/\/provenienzforschung.gv.at\/en\/research\/online-research\/\">Online Research<\/a><\/li>\n<li id=\"menu-item-5838\" class=\"menu-item menu-item-type-post_type menu-item-object-page menu-item-5838\"><a href=\"https:\/\/provenienzforschung.gv.at\/en\/research\/literature\/\">Literature<\/a><\/li>\n<li id=\"menu-item-5839\" class=\"menu-item menu-item-type-post_type menu-item-object-page menu-item-5839\"><a href=\"https:\/\/provenienzforschung.gv.at\/en\/research\/further-institutions\/\">FURTHER INSTITUTIONS<\/a><\/li>\n<\/ul><\/div>\t\t<\/div>\n\t\t\t\t<\/div>\n\t\t\t\t\t<\/div>\n\t\t<\/div>\n\t\t\t\t<div class=\"elementor-column elementor-col-66 elementor-top-column elementor-element elementor-element-1fbb9c0\" data-id=\"1fbb9c0\" data-element_type=\"column\">\n\t\t\t<div class=\"elementor-widget-wrap elementor-element-populated\">\n\t\t\t\t\t\t\t\t<div class=\"elementor-element elementor-element-7698315 elementor-widget elementor-widget-image\" data-id=\"7698315\" data-element_type=\"widget\" data-widget_type=\"image.default\">\n\t\t\t\t<div class=\"elementor-widget-container\">\n\t\t\t\t\t\t\t\t\t\t\t\t\t\t\t<img decoding=\"async\" loading=\"lazy\" width=\"768\" height=\"263\" src=\"https:\/\/provenienzforschung.gv.at\/wp-content\/uploads\/KfP-Recherche-cDaniel-Sanwald-768x263-2.png\" class=\"attachment-large size-large wp-image-6364\" alt=\"\" srcset=\"https:\/\/provenienzforschung.gv.at\/wp-content\/uploads\/KfP-Recherche-cDaniel-Sanwald-768x263-2.png 768w, https:\/\/provenienzforschung.gv.at\/wp-content\/uploads\/KfP-Recherche-cDaniel-Sanwald-768x263-2-300x103.png 300w\" sizes=\"(max-width: 768px) 100vw, 768px\" \/>\t\t\t\t\t\t\t\t\t\t\t\t\t\t\t<\/div>\n\t\t\t\t<\/div>\n\t\t\t\t\t<\/div>\n\t\t<\/div>\n\t\t\t\t\t\t\t<\/div>\n\t\t<\/section>\n\t\t\t\t<section class=\"elementor-section elementor-top-section elementor-element elementor-element-a9d47af elementor-section-boxed elementor-section-height-default elementor-section-height-default\" data-id=\"a9d47af\" data-element_type=\"section\">\n\t\t\t\t\t\t<div class=\"elementor-container elementor-column-gap-default\">\n\t\t\t\t\t<div class=\"elementor-column elementor-col-100 elementor-top-column elementor-element elementor-element-363e950\" data-id=\"363e950\" data-element_type=\"column\">\n\t\t\t<div class=\"elementor-widget-wrap elementor-element-populated\">\n\t\t\t\t\t\t\t\t<div class=\"elementor-element elementor-element-1ad9d18 page_title elementor-widget elementor-widget-heading\" data-id=\"1ad9d18\" data-element_type=\"widget\" data-widget_type=\"heading.default\">\n\t\t\t\t<div class=\"elementor-widget-container\">\n\t\t\t<h1 class=\"elementor-heading-title elementor-size-default\">ARCHIVES IN AUSTRIA<\/h1>\t\t<\/div>\n\t\t\t\t<\/div>\n\t\t\t\t\t<\/div>\n\t\t<\/div>\n\t\t\t\t\t\t\t<\/div>\n\t\t<\/section>\n\t\t\t\t<section class=\"elementor-section elementor-top-section elementor-element elementor-element-be0d924 elementor-section-boxed elementor-section-height-default elementor-section-height-default\" data-id=\"be0d924\" data-element_type=\"section\">\n\t\t\t\t\t\t<div class=\"elementor-container elementor-column-gap-default\">\n\t\t\t\t\t<div class=\"elementor-column elementor-col-33 elementor-top-column elementor-element elementor-element-ed76b6c\" data-id=\"ed76b6c\" data-element_type=\"column\">\n\t\t\t<div class=\"elementor-widget-wrap\">\n\t\t\t\t\t\t\t\t\t<\/div>\n\t\t<\/div>\n\t\t\t\t<div class=\"elementor-column elementor-col-66 elementor-top-column elementor-element elementor-element-b3bc5fc\" data-id=\"b3bc5fc\" data-element_type=\"column\">\n\t\t\t<div class=\"elementor-widget-wrap elementor-element-populated\">\n\t\t\t\t\t\t\t\t<div class=\"elementor-element elementor-element-3b862e82 elementor-widget elementor-widget-text-editor\" data-id=\"3b862e82\" data-element_type=\"widget\" data-widget_type=\"text-editor.default\">\n\t\t\t\t<div class=\"elementor-widget-container\">\n\t\t\t\t\t\t\t<h3>LOWER AUSTRIA<\/h3><p><strong>Nieder\u00f6sterreichisches Landesarchiv<\/strong><br>Landhausplatz 1, Haus Kulturbezirk 4, 3109 St. P\u00f6lten<br><a href=\"http:\/\/www.noe.gv.at\/noe\/Landesarchiv\/Landesarchiv.html\" target=\"_blank\" rel=\"noopener\">www.noe.gv.at\/noe\/Landesarchiv\/Landesarchiv.html<\/a><\/p><p> <\/p>\t\t\t\t\t\t<\/div>\n\t\t\t\t<\/div>\n\t\t\t\t<div class=\"elementor-element elementor-element-4a6fd32 elementor-widget elementor-widget-text-editor\" data-id=\"4a6fd32\" data-element_type=\"widget\" data-widget_type=\"text-editor.default\">\n\t\t\t\t<div class=\"elementor-widget-container\">\n\t\t\t\t\t\t\t<h3 style=\"background-color: #f6f8f8;\">UPPER AUSTRIA<\/h3><p style=\"background-color: #f6f8f8;\"><span style=\"font-weight: bold;\">Ober\u00f6sterreichisches Landesarchiv<\/span><br>Anzengruberstra\u00dfe 19, 4020 Linz<br><a href=\"https:\/\/www.landesarchiv-ooe.at\/\" target=\"_blank\" rel=\"noopener\">www.landesarchiv-ooe.at<\/a><\/p><p style=\"background-color: #f6f8f8;\"><span style=\"font-weight: bold;\">Archives of the City of Linz<\/span><br>Neues Rathaus, Hauptstra\u00dfe 1-5, 4041 Linz<br><a href=\"https:\/\/stadtgeschichte.linz.at\/archiv.php\" target=\"_blank\" rel=\"noopener\">stadtgeschichte.linz.at\/english\/<\/a><\/p>\t\t\t\t\t\t<\/div>\n\t\t\t\t<\/div>\n\t\t\t\t<div class=\"elementor-element elementor-element-3b3d265 elementor-widget elementor-widget-text-editor\" data-id=\"3b3d265\" data-element_type=\"widget\" data-widget_type=\"text-editor.default\">\n\t\t\t\t<div class=\"elementor-widget-container\">\n\t\t\t\t\t\t\t<h3 style=\"background-color: #f6f8f8;\">SALZBURG<\/h3><p style=\"background-color: #f6f8f8;\"><span style=\"font-weight: bold;\">Salzburger Landesarchiv<\/span><br \/>Michael-Pacher-Stra\u00dfe 40, 5020 Salzburg<br \/><a href=\"https:\/\/www.salzburg.gv.at\/themen\/salzburg\/landesarchiv\" target=\"_blank\" rel=\"noopener\">https:\/\/www.salzburg.gv.at\/themen\/salzburg\/landesarchiv<\/a><\/p>\t\t\t\t\t\t<\/div>\n\t\t\t\t<\/div>\n\t\t\t\t<div class=\"elementor-element elementor-element-fc9dc54 elementor-widget elementor-widget-text-editor\" data-id=\"fc9dc54\" data-element_type=\"widget\" data-widget_type=\"text-editor.default\">\n\t\t\t\t<div class=\"elementor-widget-container\">\n\t\t\t\t\t\t\t<h3 style=\"background-color: rgb(246, 248, 248);\">VIENNA<\/h3>\n<p style=\"background-color: rgb(246, 248, 248);\"><span style=\"font-weight: 700;\">Austrian State Archives<\/span><br>Zentrale: Nottendorfer Gasse 2, 1030 Wien<br><a href=\"https:\/\/www.oesta.gv.at\/\" target=\"_blank\" rel=\"noopener\">www.oesta.gv.at<\/a><\/p>\n<p style=\"background-color: rgb(246, 248, 248);\"><span style=\"font-weight: 700;\">Municipal and Provincial Archives of Vienna<\/span><br>Guglgasse 14, 5. Stock\/Top 508, 1110 Wien<br><a href=\"https:\/\/www.wien.gv.at\/kultur\/archiv\/\" target=\"_blank\" rel=\"noopener\">www.wien.gv.at\/english\/history\/archives<\/a><\/p>\n<p style=\"background-color: rgb(246, 248, 248);\"><span style=\"font-weight: 700;\">Adler Heraldisch-Genealogische Gesellschaft<\/span><br>Universit\u00e4tsstra\u00dfe 6\/9b, 1095 Wien<br><a href=\"http:\/\/www.adler-wien.at\/\" target=\"_blank\" rel=\"noopener\">www.adler-wien.at<\/a><\/p><p style=\"background-color: rgb(246, 248, 248);\"><span style=\"font-weight: 700;\">Documentation Centre of Austrian Resistance (D\u00d6W)<\/span><br>Wipplingerstra\u00dfe 6-8, 1010 Wien<br><a href=\"http:\/\/www.doew.at\/\" target=\"_blank\" rel=\"noopener\">https:\/\/www.doew.at\/english<\/a><\/p><p style=\"background-color: rgb(246, 248, 248);\">The list does not claim to be complete.<br>The Commission accepts no responsibility for the content of linked sites.<\/p>\t\t\t\t\t\t<\/div>\n\t\t\t\t<\/div>\n\t\t\t\t\t<\/div>\n\t\t<\/div>\n\t\t\t\t\t\t\t<\/div>\n\t\t<\/section>\n\t\t\t\t\t\t\t<\/div>\n\t\t<\/div>","protected":false},"excerpt":{"rendered":"<p class=\"excerpt\">ARCHIVES IN AUSTRIA LOWER AUSTRIA Nieder\u00f6sterreichisches LandesarchivLandhausplatz 1, Haus Kulturbezirk 4, 3109 St. P\u00f6ltenwww.noe.gv.at\/noe\/Landesarchiv\/Landesarchiv.html UPPER AUSTRIA Ober\u00f6sterreichisches LandesarchivAnzengruberstra\u00dfe 19, 4020 Linzwww.landesarchiv-ooe.at Archives of the City of LinzNeues Rathaus, Hauptstra\u00dfe 1-5, 4041 Linzstadtgeschichte.linz.at\/english\/ SALZBURG Salzburger LandesarchivMichael-Pacher-Stra\u00dfe 40, 5020 Salzburghttps:\/\/www.salzburg.gv.at\/themen\/salzburg\/landesarchiv VIENNA Austrian State ArchivesZentrale: Nottendorfer Gasse 2, 1030 Wienwww.oesta.gv.at Municipal and Provincial Archives of ViennaGuglgasse 14, 5. [&hellip;]<\/p>\n","protected":false},"author":3,"featured_media":0,"parent":3279,"menu_order":2,"comment_status":"closed","ping_status":"closed","template":"","meta":{"inline_featured_image":false,"footnotes":""},"_links":{"self":[{"href":"https:\/\/provenienzforschung.gv.at\/en\/wp-json\/wp\/v2\/pages\/3519"}],"collection":[{"href":"https:\/\/provenienzforschung.gv.at\/en\/wp-json\/wp\/v2\/pages"}],"about":[{"href":"https:\/\/provenienzforschung.gv.at\/en\/wp-json\/wp\/v2\/types\/page"}],"author":[{"embeddable":true,"href":"https:\/\/provenienzforschung.gv.at\/en\/wp-json\/wp\/v2\/users\/3"}],"replies":[{"embeddable":true,"href":"https:\/\/provenienzforschung.gv.at\/en\/wp-json\/wp\/v2\/comments?post=3519"}],"version-history":[{"count":18,"href":"https:\/\/provenienzforschung.gv.at\/en\/wp-json\/wp\/v2\/pages\/3519\/revisions"}],"predecessor-version":[{"id":11380,"href":"https:\/\/provenienzforschung.gv.at\/en\/wp-json\/wp\/v2\/pages\/3519\/revisions\/11380"}],"up":[{"embeddable":true,"href":"https:\/\/provenienzforschung.gv.at\/en\/wp-json\/wp\/v2\/pages\/3279"}],"wp:attachment":[{"href":"https:\/\/provenienzforschung.gv.at\/en\/wp-json\/wp\/v2\/media?parent=3519"}],"curies":[{"name":"wp","href":"https:\/\/api.w.org\/{rel}","templated":true}]}}