{"id":3525,"date":"2020-06-02T15:37:27","date_gmt":"2020-06-02T13:37:27","guid":{"rendered":"https:\/\/wp.lex.khm.at\/online-research\/"},"modified":"2021-10-27T16:33:47","modified_gmt":"2021-10-27T14:33:47","slug":"online-research","status":"publish","type":"page","link":"https:\/\/provenienzforschung.gv.at\/en\/research\/online-research\/","title":{"rendered":"Online Research"},"content":{"rendered":"<div role=\"main\" accesskey=\"4\">\t\t<div data-elementor-type=\"wp-page\" data-elementor-id=\"3525\" class=\"elementor elementor-3525 elementor-2449\">\n\t\t\t\t\t\t\t\t\t<section class=\"elementor-section elementor-top-section elementor-element elementor-element-474f393 elementor-section-boxed elementor-section-height-default elementor-section-height-default\" data-id=\"474f393\" data-element_type=\"section\">\n\t\t\t\t\t\t<div class=\"elementor-container elementor-column-gap-default\">\n\t\t\t\t\t<div class=\"elementor-column elementor-col-33 elementor-top-column elementor-element elementor-element-fa198b8\" data-id=\"fa198b8\" data-element_type=\"column\">\n\t\t\t<div class=\"elementor-widget-wrap elementor-element-populated\">\n\t\t\t\t\t\t\t\t<div class=\"elementor-element elementor-element-f0cb75d elementor-widget elementor-widget-wp-widget-nav_menu\" data-id=\"f0cb75d\" data-element_type=\"widget\" data-widget_type=\"wp-widget-nav_menu.default\">\n\t\t\t\t<div class=\"elementor-widget-container\">\n\t\t\t<div class=\"menu-archive-en-container\"><ul id=\"menu-archive-en\" class=\"menu\"><li id=\"menu-item-5826\" class=\"menu-item menu-item-type-post_type menu-item-object-page menu-item-has-children menu-item-5826\"><a href=\"https:\/\/provenienzforschung.gv.at\/en\/research\/archiv\/\">Archive of the Federal Monuments Authority Austria<\/a>\n<ul class=\"sub-menu\">\n\t<li id=\"menu-item-5827\" class=\"menu-item menu-item-type-post_type menu-item-object-page menu-item-has-children menu-item-5827\"><a href=\"https:\/\/provenienzforschung.gv.at\/en\/research\/archiv\/restitutionsmaterialien\/\">Restitution records<\/a>\n\t<ul class=\"sub-menu\">\n\t\t<li id=\"menu-item-5828\" class=\"menu-item menu-item-type-post_type menu-item-object-page menu-item-5828\"><a href=\"https:\/\/provenienzforschung.gv.at\/en\/research\/archiv\/restitutionsmaterialien\/sicherstellungenenteignungen\/\">General Holdings \/ Seizures, Confiscation<\/a><\/li>\n\t\t<li id=\"menu-item-5829\" class=\"menu-item menu-item-type-post_type menu-item-object-page menu-item-5829\"><a href=\"https:\/\/provenienzforschung.gv.at\/en\/research\/archiv\/restitutionsmaterialien\/bergung\/\">General Holdings \/ Collecting Points, Return<\/a><\/li>\n\t\t<li id=\"menu-item-5830\" class=\"menu-item menu-item-type-post_type menu-item-object-page menu-item-5830\"><a href=\"https:\/\/provenienzforschung.gv.at\/en\/research\/archiv\/restitutionsmaterialien\/mauerbach\/\">General Holdings \/ Mauerbach<\/a><\/li>\n\t\t<li id=\"menu-item-5831\" class=\"menu-item menu-item-type-post_type menu-item-object-page menu-item-5831\"><a href=\"https:\/\/provenienzforschung.gv.at\/en\/research\/archiv\/restitutionsmaterialien\/photobestand\/\">General Holdings \/ Photos<\/a><\/li>\n\t\t<li id=\"menu-item-5832\" class=\"menu-item menu-item-type-post_type menu-item-object-page menu-item-5832\"><a href=\"https:\/\/provenienzforschung.gv.at\/en\/research\/archiv\/restitutionsmaterialien\/personenbezogen\/\">Personal Material<\/a><\/li>\n\t<\/ul>\n<\/li>\n\t<li id=\"menu-item-5833\" class=\"menu-item menu-item-type-post_type menu-item-object-page menu-item-5833\"><a href=\"https:\/\/provenienzforschung.gv.at\/en\/research\/archiv\/ausfuhrbestand\/\">Export Holdings<\/a><\/li>\n\t<li id=\"menu-item-5834\" class=\"menu-item menu-item-type-post_type menu-item-object-page menu-item-5834\"><a href=\"https:\/\/provenienzforschung.gv.at\/en\/research\/archiv\/zugaenglichkeit\/\">ACCESSIBILITY<\/a><\/li>\n<\/ul>\n<\/li>\n<li id=\"menu-item-5835\" class=\"menu-item menu-item-type-post_type menu-item-object-page menu-item-5835\"><a href=\"https:\/\/provenienzforschung.gv.at\/en\/research\/archives-in-austria\/\">ARCHIVES IN AUSTRIA<\/a><\/li>\n<li id=\"menu-item-5836\" class=\"menu-item menu-item-type-post_type menu-item-object-page menu-item-5836\"><a href=\"https:\/\/provenienzforschung.gv.at\/en\/research\/international-archives\/\">INTERNATIONAL ARCHIVES<\/a><\/li>\n<li id=\"menu-item-5837\" class=\"menu-item menu-item-type-post_type menu-item-object-page menu-item-5837\"><a href=\"https:\/\/provenienzforschung.gv.at\/en\/research\/online-research\/\">Online Research<\/a><\/li>\n<li id=\"menu-item-5838\" class=\"menu-item menu-item-type-post_type menu-item-object-page menu-item-5838\"><a href=\"https:\/\/provenienzforschung.gv.at\/en\/research\/literature\/\">Literature<\/a><\/li>\n<li id=\"menu-item-5839\" class=\"menu-item menu-item-type-post_type menu-item-object-page menu-item-5839\"><a href=\"https:\/\/provenienzforschung.gv.at\/en\/research\/further-institutions\/\">FURTHER INSTITUTIONS<\/a><\/li>\n<\/ul><\/div>\t\t<\/div>\n\t\t\t\t<\/div>\n\t\t\t\t\t<\/div>\n\t\t<\/div>\n\t\t\t\t<div class=\"elementor-column elementor-col-66 elementor-top-column elementor-element elementor-element-9771a65\" data-id=\"9771a65\" data-element_type=\"column\">\n\t\t\t<div class=\"elementor-widget-wrap elementor-element-populated\">\n\t\t\t\t\t\t\t\t<div class=\"elementor-element elementor-element-b748ecf elementor-widget elementor-widget-image\" data-id=\"b748ecf\" data-element_type=\"widget\" data-widget_type=\"image.default\">\n\t\t\t\t<div class=\"elementor-widget-container\">\n\t\t\t\t\t\t\t\t\t\t\t\t\t\t\t<img decoding=\"async\" loading=\"lazy\" width=\"768\" height=\"263\" src=\"https:\/\/provenienzforschung.gv.at\/wp-content\/uploads\/KfP-Recherche-cDaniel-Sanwald-768x263-2.png\" class=\"attachment-large size-large wp-image-6364\" alt=\"\" srcset=\"https:\/\/provenienzforschung.gv.at\/wp-content\/uploads\/KfP-Recherche-cDaniel-Sanwald-768x263-2.png 768w, https:\/\/provenienzforschung.gv.at\/wp-content\/uploads\/KfP-Recherche-cDaniel-Sanwald-768x263-2-300x103.png 300w\" sizes=\"(max-width: 768px) 100vw, 768px\" \/>\t\t\t\t\t\t\t\t\t\t\t\t\t\t\t<\/div>\n\t\t\t\t<\/div>\n\t\t\t\t\t<\/div>\n\t\t<\/div>\n\t\t\t\t\t\t\t<\/div>\n\t\t<\/section>\n\t\t\t\t<section class=\"elementor-section elementor-top-section elementor-element elementor-element-c7f6895 elementor-section-boxed elementor-section-height-default elementor-section-height-default\" data-id=\"c7f6895\" data-element_type=\"section\">\n\t\t\t\t\t\t<div class=\"elementor-container elementor-column-gap-default\">\n\t\t\t\t\t<div class=\"elementor-column elementor-col-100 elementor-top-column elementor-element elementor-element-299bd2f\" data-id=\"299bd2f\" data-element_type=\"column\">\n\t\t\t<div class=\"elementor-widget-wrap elementor-element-populated\">\n\t\t\t\t\t\t\t\t<div class=\"elementor-element elementor-element-3bc68ef page_title elementor-widget elementor-widget-heading\" data-id=\"3bc68ef\" data-element_type=\"widget\" data-widget_type=\"heading.default\">\n\t\t\t\t<div class=\"elementor-widget-container\">\n\t\t\t<h1 class=\"elementor-heading-title elementor-size-default\">Online Research<\/h1>\t\t<\/div>\n\t\t\t\t<\/div>\n\t\t\t\t\t<\/div>\n\t\t<\/div>\n\t\t\t\t\t\t\t<\/div>\n\t\t<\/section>\n\t\t\t\t<section class=\"elementor-section elementor-top-section elementor-element elementor-element-3f0537a elementor-section-boxed elementor-section-height-default elementor-section-height-default\" data-id=\"3f0537a\" data-element_type=\"section\">\n\t\t\t\t\t\t<div class=\"elementor-container elementor-column-gap-default\">\n\t\t\t\t\t<div class=\"elementor-column elementor-col-33 elementor-top-column elementor-element elementor-element-336f024\" data-id=\"336f024\" data-element_type=\"column\">\n\t\t\t<div class=\"elementor-widget-wrap\">\n\t\t\t\t\t\t\t\t\t<\/div>\n\t\t<\/div>\n\t\t\t\t<div class=\"elementor-column elementor-col-66 elementor-top-column elementor-element elementor-element-6fd810c\" data-id=\"6fd810c\" data-element_type=\"column\">\n\t\t\t<div class=\"elementor-widget-wrap elementor-element-populated\">\n\t\t\t\t\t\t\t\t<div class=\"elementor-element elementor-element-156a3e24 elementor-widget elementor-widget-text-editor\" data-id=\"156a3e24\" data-element_type=\"widget\" data-widget_type=\"text-editor.default\">\n\t\t\t\t<div class=\"elementor-widget-container\">\n\t\t\t\t\t\t\t<p><strong>Lexicon of Austrian provenance research<\/strong><br \/>\n<a href=\"https:\/\/www.lexikon-provenienzforschung.org\/\" target=\"_blank\" rel=\"noopener\">www.lexikon-provenienzforschung.org<\/a><\/p>\n<p>&nbsp;<\/p>\n<p><strong>Online card index of the Central Depot for Confiscated Collections in Vienna<\/strong><br \/>\n<a href=\"https:\/\/www.zdk-online.org\/\" target=\"_blank\" rel=\"noopener\">www.www.zdk-online.org<\/a><\/p>\n<p>&nbsp;<\/p>\n<p><strong>Victims search \/ Documentation Centre of Austrian Resistance (D\u00d6W)<\/strong><br \/>\n<a href=\"https:\/\/www.doew.at\/english\" target=\"_blank\" rel=\"noopener\">www.doew.at\/english<\/a><\/p>\n<p>&nbsp;<\/p>\n<div>\n<p><strong>Memorial Book<\/strong><br \/>\n<strong>Victims of the Persecution of Jews under the National Socialist Tyranny in Germany 1933\u20131945<\/strong><br \/>\n<a href=\"https:\/\/www.bundesarchiv.de\/gedenkbuch\/\" target=\"_blank\" rel=\"noopener\">www.bundesarchiv.de\/gedenkbuch\/<\/a><\/p>\n<p>&nbsp;<\/p>\n<\/div>\n<p><strong>GenTeam: Die genealogische Datenbank<\/strong><br \/>\n<a href=\"http:\/\/www.genteam.at\/index.php?lang=en\" target=\"_blank\" rel=\"noopener\">www.genteam.at\/index.php?lang=en<\/a><\/p>\n<p>&nbsp;<\/p>\n<p><strong>Jewish Community of Vienna (IKG), Department for Restitution Affairs: research guide<\/strong><br \/>\n<a href=\"http:\/\/www.restitution.or.at\/rechercheleitfaden_e.html\" target=\"_blank\" rel=\"noopener\">www.restitution.or.at\/rechercheleitfaden_e.html<\/a><\/p>\n<p>&nbsp;<\/p>\n<p><strong>Findbuch for Victims of National Socialism<\/strong><br \/>\n<a href=\"https:\/\/www.findbuch.at\/en\/home.html\" target=\"_blank\" rel=\"noopener\">www.findbuch.at\/en\/home.html<\/a><\/p>\n<p>&nbsp;<\/p>\n<p><strong>Art Database of the National Fund of the Republic of Austria for Victims of National Socialism<\/strong><br \/>\n<a href=\"https:\/\/www.kunstdatenbank.at\/home.html\" target=\"_blank\" rel=\"noopener\">www.kunstdatenbank.at\/home<\/a><\/p>\n<p>&nbsp;<\/p>\n<p><strong>ns-quellen.at, Materialien zum Nationalsozialismus. Verm\u00f6gensentzug, R\u00fcckstellung und Entsch\u00e4digung in \u00d6sterreich<\/strong><br \/>\n<a href=\"http:\/\/www.ns-quellen.at\/english.php\" target=\"_blank\" rel=\"noopener\">www.ns-quellen.at\/english<\/a><\/p>\n<p>&nbsp;<\/p>\n<p><strong>Vienna City Library digital: Address directories<\/strong><br \/>\n<a href=\"https:\/\/www.digital.wienbibliothek.at\/nav\/classification\/2612506\" target=\"_blank\" rel=\"noopener\">www.digital.wienbibliothek.at\/nav\/classification\/2612506<\/a><\/p>\n<p>&nbsp;<\/p>\n<p><strong>Provenance research databases on the website of Deutsches Historisches Museum (DHM):<\/strong><br \/>\n<em>Sonderauftrag Linz<\/em>,\u00a0<em>Hermann G\u00f6ring\u2019s art collection,<\/em>\u00a0<em>Munich Central Collecting Point (CCP)<\/em><br \/>\n<a href=\"http:\/\/www.dhm.de\/sammlung-forschung\/forschung\/provenienzforschung.html\" target=\"_blank\" rel=\"noopener\">www.dhm.de\/sammlung-forschung\/forschung\/provenienzforschung.html<\/a><\/p>\n<p>&nbsp;<\/p>\n<p><strong>Lost Art Database of the German Lost Art Foundation<\/strong><br \/>\n<a href=\"http:\/\/http\/\/www.lostart.de\/Webs\/EN\/LostArt\/Index.html\" target=\"_blank\" rel=\"noopener\">www.lostart.de\/Webs\/EN\/LostArt\/Index.html<\/a><\/p>\n<p>&nbsp;<\/p>\n<p><strong>Publications of the \u00d6sterreichische Historikerkommission<br \/>\n<\/strong><a href=\"https:\/\/hiko.univie.ac.at\/\">hiko.univie.ac.at\/<\/a><\/p>\n<p>&nbsp;<\/p>\n<h6>The list makes no claim to completion.<br \/>\nThe Commission accepts no liability for the contents of the linked sites.<\/h6>\n\t\t\t\t\t\t<\/div>\n\t\t\t\t<\/div>\n\t\t\t\t\t<\/div>\n\t\t<\/div>\n\t\t\t\t\t\t\t<\/div>\n\t\t<\/section>\n\t\t\t\t\t\t\t<\/div>\n\t\t<\/div>","protected":false},"excerpt":{"rendered":"<p class=\"excerpt\">Online Research Lexicon of Austrian provenance research www.lexikon-provenienzforschung.org &nbsp; Online card index of the Central Depot for Confiscated Collections in Vienna www.www.zdk-online.org &nbsp; Victims search \/ Documentation Centre of Austrian Resistance (D\u00d6W) www.doew.at\/english &nbsp; Memorial Book Victims of the Persecution of Jews under the National Socialist Tyranny in Germany 1933\u20131945 www.bundesarchiv.de\/gedenkbuch\/ &nbsp; GenTeam: Die genealogische [&hellip;]<\/p>\n","protected":false},"author":3,"featured_media":0,"parent":3279,"menu_order":4,"comment_status":"closed","ping_status":"closed","template":"","meta":{"inline_featured_image":false,"footnotes":""},"_links":{"self":[{"href":"https:\/\/provenienzforschung.gv.at\/en\/wp-json\/wp\/v2\/pages\/3525"}],"collection":[{"href":"https:\/\/provenienzforschung.gv.at\/en\/wp-json\/wp\/v2\/pages"}],"about":[{"href":"https:\/\/provenienzforschung.gv.at\/en\/wp-json\/wp\/v2\/types\/page"}],"author":[{"embeddable":true,"href":"https:\/\/provenienzforschung.gv.at\/en\/wp-json\/wp\/v2\/users\/3"}],"replies":[{"embeddable":true,"href":"https:\/\/provenienzforschung.gv.at\/en\/wp-json\/wp\/v2\/comments?post=3525"}],"version-history":[{"count":11,"href":"https:\/\/provenienzforschung.gv.at\/en\/wp-json\/wp\/v2\/pages\/3525\/revisions"}],"predecessor-version":[{"id":9773,"href":"https:\/\/provenienzforschung.gv.at\/en\/wp-json\/wp\/v2\/pages\/3525\/revisions\/9773"}],"up":[{"embeddable":true,"href":"https:\/\/provenienzforschung.gv.at\/en\/wp-json\/wp\/v2\/pages\/3279"}],"wp:attachment":[{"href":"https:\/\/provenienzforschung.gv.at\/en\/wp-json\/wp\/v2\/media?parent=3525"}],"curies":[{"name":"wp","href":"https:\/\/api.w.org\/{rel}","templated":true}]}}