{"id":3529,"date":"2020-06-26T16:14:50","date_gmt":"2020-06-26T14:14:50","guid":{"rendered":"https:\/\/wp.lex.khm.at\/further-institutions\/"},"modified":"2026-03-26T14:44:07","modified_gmt":"2026-03-26T12:44:07","slug":"further-institutions","status":"publish","type":"page","link":"https:\/\/provenienzforschung.gv.at\/en\/research\/further-institutions\/","title":{"rendered":"FURTHER INSTITUTIONS"},"content":{"rendered":"<div role=\"main\" accesskey=\"4\">\t\t<div data-elementor-type=\"wp-page\" data-elementor-id=\"3529\" class=\"elementor elementor-3529 elementor-2719\">\n\t\t\t\t\t\t\t\t\t<section class=\"elementor-section elementor-top-section elementor-element elementor-element-41e9e9a elementor-section-boxed elementor-section-height-default elementor-section-height-default\" data-id=\"41e9e9a\" data-element_type=\"section\">\n\t\t\t\t\t\t<div class=\"elementor-container elementor-column-gap-default\">\n\t\t\t\t\t<div class=\"elementor-column elementor-col-33 elementor-top-column elementor-element elementor-element-1441afe\" data-id=\"1441afe\" data-element_type=\"column\">\n\t\t\t<div class=\"elementor-widget-wrap elementor-element-populated\">\n\t\t\t\t\t\t\t\t<div class=\"elementor-element elementor-element-18f7d2e elementor-widget elementor-widget-wp-widget-nav_menu\" data-id=\"18f7d2e\" data-element_type=\"widget\" data-widget_type=\"wp-widget-nav_menu.default\">\n\t\t\t\t<div class=\"elementor-widget-container\">\n\t\t\t<div class=\"menu-archive-en-container\"><ul id=\"menu-archive-en\" class=\"menu\"><li id=\"menu-item-5826\" class=\"menu-item menu-item-type-post_type menu-item-object-page menu-item-has-children menu-item-5826\"><a href=\"https:\/\/provenienzforschung.gv.at\/en\/research\/archiv\/\">Archive of the Federal Monuments Authority Austria<\/a>\n<ul class=\"sub-menu\">\n\t<li id=\"menu-item-5827\" class=\"menu-item menu-item-type-post_type menu-item-object-page menu-item-has-children menu-item-5827\"><a href=\"https:\/\/provenienzforschung.gv.at\/en\/research\/archiv\/restitutionsmaterialien\/\">Restitution records<\/a>\n\t<ul class=\"sub-menu\">\n\t\t<li id=\"menu-item-5828\" class=\"menu-item menu-item-type-post_type menu-item-object-page menu-item-5828\"><a href=\"https:\/\/provenienzforschung.gv.at\/en\/research\/archiv\/restitutionsmaterialien\/sicherstellungenenteignungen\/\">General Holdings \/ Seizures, Confiscation<\/a><\/li>\n\t\t<li id=\"menu-item-5829\" class=\"menu-item menu-item-type-post_type menu-item-object-page menu-item-5829\"><a href=\"https:\/\/provenienzforschung.gv.at\/en\/research\/archiv\/restitutionsmaterialien\/bergung\/\">General Holdings \/ Collecting Points, Return<\/a><\/li>\n\t\t<li id=\"menu-item-5830\" class=\"menu-item menu-item-type-post_type menu-item-object-page menu-item-5830\"><a href=\"https:\/\/provenienzforschung.gv.at\/en\/research\/archiv\/restitutionsmaterialien\/mauerbach\/\">General Holdings \/ Mauerbach<\/a><\/li>\n\t\t<li id=\"menu-item-5831\" class=\"menu-item menu-item-type-post_type menu-item-object-page menu-item-5831\"><a href=\"https:\/\/provenienzforschung.gv.at\/en\/research\/archiv\/restitutionsmaterialien\/photobestand\/\">General Holdings \/ Photos<\/a><\/li>\n\t\t<li id=\"menu-item-5832\" class=\"menu-item menu-item-type-post_type menu-item-object-page menu-item-5832\"><a href=\"https:\/\/provenienzforschung.gv.at\/en\/research\/archiv\/restitutionsmaterialien\/personenbezogen\/\">Personal Material<\/a><\/li>\n\t<\/ul>\n<\/li>\n\t<li id=\"menu-item-5833\" class=\"menu-item menu-item-type-post_type menu-item-object-page menu-item-5833\"><a href=\"https:\/\/provenienzforschung.gv.at\/en\/research\/archiv\/ausfuhrbestand\/\">Export Holdings<\/a><\/li>\n\t<li id=\"menu-item-5834\" class=\"menu-item menu-item-type-post_type menu-item-object-page menu-item-5834\"><a href=\"https:\/\/provenienzforschung.gv.at\/en\/research\/archiv\/zugaenglichkeit\/\">ACCESSIBILITY<\/a><\/li>\n<\/ul>\n<\/li>\n<li id=\"menu-item-5835\" class=\"menu-item menu-item-type-post_type menu-item-object-page menu-item-5835\"><a href=\"https:\/\/provenienzforschung.gv.at\/en\/research\/archives-in-austria\/\">ARCHIVES IN AUSTRIA<\/a><\/li>\n<li id=\"menu-item-5836\" class=\"menu-item menu-item-type-post_type menu-item-object-page menu-item-5836\"><a href=\"https:\/\/provenienzforschung.gv.at\/en\/research\/international-archives\/\">INTERNATIONAL ARCHIVES<\/a><\/li>\n<li id=\"menu-item-5837\" class=\"menu-item menu-item-type-post_type menu-item-object-page menu-item-5837\"><a href=\"https:\/\/provenienzforschung.gv.at\/en\/research\/online-research\/\">Online Research<\/a><\/li>\n<li id=\"menu-item-5838\" class=\"menu-item menu-item-type-post_type menu-item-object-page menu-item-5838\"><a href=\"https:\/\/provenienzforschung.gv.at\/en\/research\/literature\/\">Literature<\/a><\/li>\n<li id=\"menu-item-5839\" class=\"menu-item menu-item-type-post_type menu-item-object-page menu-item-5839\"><a href=\"https:\/\/provenienzforschung.gv.at\/en\/research\/further-institutions\/\">FURTHER INSTITUTIONS<\/a><\/li>\n<\/ul><\/div>\t\t<\/div>\n\t\t\t\t<\/div>\n\t\t\t\t\t<\/div>\n\t\t<\/div>\n\t\t\t\t<div class=\"elementor-column elementor-col-66 elementor-top-column elementor-element elementor-element-b3c011c\" data-id=\"b3c011c\" data-element_type=\"column\">\n\t\t\t<div class=\"elementor-widget-wrap elementor-element-populated\">\n\t\t\t\t\t\t\t\t<div class=\"elementor-element elementor-element-0b9d370 elementor-widget elementor-widget-image\" data-id=\"0b9d370\" data-element_type=\"widget\" data-widget_type=\"image.default\">\n\t\t\t\t<div class=\"elementor-widget-container\">\n\t\t\t\t\t\t\t\t\t\t\t\t\t\t\t<img decoding=\"async\" loading=\"lazy\" width=\"768\" height=\"263\" src=\"https:\/\/provenienzforschung.gv.at\/wp-content\/uploads\/KfP-Recherche-cDaniel-Sanwald-768x263-2.png\" class=\"attachment-large size-large wp-image-6364\" alt=\"\" srcset=\"https:\/\/provenienzforschung.gv.at\/wp-content\/uploads\/KfP-Recherche-cDaniel-Sanwald-768x263-2.png 768w, https:\/\/provenienzforschung.gv.at\/wp-content\/uploads\/KfP-Recherche-cDaniel-Sanwald-768x263-2-300x103.png 300w\" sizes=\"(max-width: 768px) 100vw, 768px\" \/>\t\t\t\t\t\t\t\t\t\t\t\t\t\t\t<\/div>\n\t\t\t\t<\/div>\n\t\t\t\t\t<\/div>\n\t\t<\/div>\n\t\t\t\t\t\t\t<\/div>\n\t\t<\/section>\n\t\t\t\t<section class=\"elementor-section elementor-top-section elementor-element elementor-element-baf8fa3 elementor-section-boxed elementor-section-height-default elementor-section-height-default\" data-id=\"baf8fa3\" data-element_type=\"section\">\n\t\t\t\t\t\t<div class=\"elementor-container elementor-column-gap-default\">\n\t\t\t\t\t<div class=\"elementor-column elementor-col-100 elementor-top-column elementor-element elementor-element-c58b0b9\" data-id=\"c58b0b9\" data-element_type=\"column\">\n\t\t\t<div class=\"elementor-widget-wrap elementor-element-populated\">\n\t\t\t\t\t\t\t\t<div class=\"elementor-element elementor-element-94102ab page_title elementor-widget elementor-widget-heading\" data-id=\"94102ab\" data-element_type=\"widget\" data-widget_type=\"heading.default\">\n\t\t\t\t<div class=\"elementor-widget-container\">\n\t\t\t<h1 class=\"elementor-heading-title elementor-size-default\">FURTHER INSTITUTIONS<\/h1>\t\t<\/div>\n\t\t\t\t<\/div>\n\t\t\t\t\t<\/div>\n\t\t<\/div>\n\t\t\t\t\t\t\t<\/div>\n\t\t<\/section>\n\t\t\t\t<section class=\"elementor-section elementor-top-section elementor-element elementor-element-274756b elementor-section-boxed elementor-section-height-default elementor-section-height-default\" data-id=\"274756b\" data-element_type=\"section\">\n\t\t\t\t\t\t<div class=\"elementor-container elementor-column-gap-default\">\n\t\t\t\t\t<div class=\"elementor-column elementor-col-33 elementor-top-column elementor-element elementor-element-50f52b6\" data-id=\"50f52b6\" data-element_type=\"column\">\n\t\t\t<div class=\"elementor-widget-wrap\">\n\t\t\t\t\t\t\t\t\t<\/div>\n\t\t<\/div>\n\t\t\t\t<div class=\"elementor-column elementor-col-66 elementor-top-column elementor-element elementor-element-3139fa8\" data-id=\"3139fa8\" data-element_type=\"column\">\n\t\t\t<div class=\"elementor-widget-wrap elementor-element-populated\">\n\t\t\t\t\t\t\t\t<div class=\"elementor-element elementor-element-5fa15aa elementor-widget elementor-widget-text-editor\" data-id=\"5fa15aa\" data-element_type=\"widget\" data-widget_type=\"text-editor.default\">\n\t\t\t\t<div class=\"elementor-widget-container\">\n\t\t\t\t\t\t\t<h2>AUSTRIA<\/h2>\n<p><\/p>\n<h3>BURGENLAND<\/h3>\n<p><strong>SAMMLUNGEN DES LANDES BURGENLAND<\/strong><br>Amt der Burgenl\u00e4ndischen Landesregierung, Abteilung 7 &#8211; Bildung, Kultur und Gesellschaft, Hauptreferat Sammlungen<br>Museumgasse 1\u20135, 7000 Eisenstadt<\/p>\n<p>Gert POLSTER<br>Tel.: +43 2682 600 1212<br><a href=\"mailto:gert.polster@bgld.gv.at\">gert.polster@bgld.gv.at<\/a><\/p>\n<p><\/p>\t\t\t\t\t\t<\/div>\n\t\t\t\t<\/div>\n\t\t\t\t<div class=\"elementor-element elementor-element-0963377 elementor-widget elementor-widget-text-editor\" data-id=\"0963377\" data-element_type=\"widget\" data-widget_type=\"text-editor.default\">\n\t\t\t\t<div class=\"elementor-widget-container\">\n\t\t\t\t\t\t\t<h3 style=\"background-color: #f6f8f8;\">CARINTHIA<\/h3><p style=\"background-color: #f6f8f8;\"><span style=\"font-weight: bold;\">LANDESMUSEUM F\u00dcR K\u00c4RNTEN<\/span><br \/>Sammlungs- und Wissenschaftszentrum<br \/>Liberogasse 6, 9020 Klagenfurt<\/p><p style=\"background-color: #f6f8f8;\">Ute BRINCKMANN-BLAHA<br \/><a href=\"mailto:ute.brinckmann@landesmuseum.ktn.gv.at\">ute.brinckmann@landesmuseum.ktn.gv.at<\/a><\/p>\t\t\t\t\t\t<\/div>\n\t\t\t\t<\/div>\n\t\t\t\t<div class=\"elementor-element elementor-element-49e254e elementor-widget elementor-widget-text-editor\" data-id=\"49e254e\" data-element_type=\"widget\" data-widget_type=\"text-editor.default\">\n\t\t\t\t<div class=\"elementor-widget-container\">\n\t\t\t\t\t\t\t<h3 style=\"background-color: #f6f8f8;\">LOWER AUSTRIA<\/h3><p style=\"background-color: #f6f8f8;\"><span style=\"font-weight: bold;\">LANDESSAMMLUNGEN NIEDER\u00d6STERREICH<\/span><br \/>Amt der N\u00d6 Landesregierung Abteilung Kunst und Kultur<br \/>Landhausplatz 1, 3109 St. P\u00f6lten<br \/><a href=\"https:\/\/www.landessammlungen-noe.at\/de\/provenienzforschung.html\" target=\"_blank\" rel=\"noopener\">www.landessammlungen-noe.at\/de\/provenienzforschung.html<\/a><\/p><p>Abelina BISCHOF<br \/><a href=\"mailto:noe-provenienzforschung@noel.gv.at\">noe-provenienzforschung@noel.gv.at<\/a><\/p>\t\t\t\t\t\t<\/div>\n\t\t\t\t<\/div>\n\t\t\t\t<div class=\"elementor-element elementor-element-ae8edfe elementor-widget elementor-widget-text-editor\" data-id=\"ae8edfe\" data-element_type=\"widget\" data-widget_type=\"text-editor.default\">\n\t\t\t\t<div class=\"elementor-widget-container\">\n\t\t\t\t\t\t\t<h3 style=\"background-color: #f6f8f8;\">UPPER AUSTRIA<\/h3><h3 style=\"background-color: #f6f8f8;\">\u00a0<\/h3><p style=\"background-color: #f6f8f8;\"><span style=\"font-weight: bold;\">O\u00d6 LANDES-KULTUR GMBH<\/span><br \/>OK Platz 1<br \/>4020 Linz<br \/><a href=\"http:\/\/www.ooelkg.at\/de\/sammlungen\/provenienzforschung.html\">www.ooelkg.at\/de\/sammlungen\/provenienzforschung.html<\/a><\/p><p style=\"background-color: #f6f8f8;\">Alfred WEIDINGER<br \/><a href=\"mailto:direktion@ooelkg.at\">direktion@ooelkg.at<\/a><\/p>\t\t\t\t\t\t<\/div>\n\t\t\t\t<\/div>\n\t\t\t\t<div class=\"elementor-element elementor-element-496a50c elementor-widget elementor-widget-text-editor\" data-id=\"496a50c\" data-element_type=\"widget\" data-widget_type=\"text-editor.default\">\n\t\t\t\t<div class=\"elementor-widget-container\">\n\t\t\t\t\t\t\t<h3 style=\"background-color: #f6f8f8;\">SALZBURG<\/h3><h3 style=\"background-color: #f6f8f8;\">\u00a0<\/h3><p style=\"background-color: #f6f8f8;\"><span style=\"font-weight: bold;\">SALZBURG MUSEUM<\/span><br \/>Alpenstra\u00dfe 75, 5010 Salzburg<br \/><a href=\"https:\/\/www.salzburgmuseum.at\/index.php?id=1619\" target=\"_blank\" rel=\"noopener\">www.salzburgmuseum.at\/index.php?id=1619<\/a><\/p><p style=\"background-color: #f6f8f8;\">Susanne ROLINEK<br \/>Tel.: +43 662 62 08 08 172<br \/><a href=\"mailto:susanne.rolinek@salzburgmuseum.at\">susanne.rolinek@salzburgmuseum.at<\/a><\/p>\t\t\t\t\t\t<\/div>\n\t\t\t\t<\/div>\n\t\t\t\t<div class=\"elementor-element elementor-element-5ab43ae elementor-widget elementor-widget-text-editor\" data-id=\"5ab43ae\" data-element_type=\"widget\" data-widget_type=\"text-editor.default\">\n\t\t\t\t<div class=\"elementor-widget-container\">\n\t\t\t\t\t\t\t<h3 style=\"background-color: rgb(246, 248, 248);\">STYRIA<\/h3><h3 style=\"background-color: #f6f8f8;\"><\/h3><p style=\"background-color: rgb(246, 248, 248);\"><span style=\"font-weight: 700;\">UNIVERSALMUSEUM JOANNEUM<\/span><br>Mariahilferstra\u00dfe 2-4, 8020 Graz<br><a href=\"http:\/\/www.museum-joanneum.at\/das-joanneum\/universalmuseum-joanneum\/restitution\/\" target=\"_blank\" rel=\"noopener\">www.museum-joanneum.at\/das-joanneum\/universalmuseum-joanneum\/restitution\/<\/a><\/p>\t\t\t\t\t\t<\/div>\n\t\t\t\t<\/div>\n\t\t\t\t<div class=\"elementor-element elementor-element-86729fa elementor-widget elementor-widget-text-editor\" data-id=\"86729fa\" data-element_type=\"widget\" data-widget_type=\"text-editor.default\">\n\t\t\t\t<div class=\"elementor-widget-container\">\n\t\t\t\t\t\t\t<h3 style=\"background-color: #f6f8f8;\">TYROL<\/h3><h3 style=\"background-color: #f6f8f8;\">\u00a0<\/h3><p style=\"background-color: #f6f8f8;\"><span style=\"font-weight: bold;\">TIROLER LANDESMUSEUM FERDINANDEUM<\/span><br \/>Tiroler Landesmuseen-Betriebsgesellschaft m.b.H., Museumstra\u00dfe 15, 6020 Innsbruck<br \/><a href=\"http:\/\/www.tiroler-landesmuseen.at\/page.cfm?vpath=tiroler-landesmuseen\/forschung&amp;genericpageid=1589\" target=\"_blank\" rel=\"noopener\">https:\/\/www.tiroler-landesmuseen.at\/forschung\/provenienzforschung\/<\/a><\/p><p style=\"background-color: #f6f8f8;\">Sonia BUCHROITHNER<br \/><a href=\"mailto:s.buchroithner@tiroler-landesmuseen.at\">s.buchroithner@tiroler-landesmuseen.at<\/a><\/p><p style=\"background-color: #f6f8f8;\">Claudia SPORER-HEIS<br \/><a href=\"mailto:c.sporer@tiroler-landesmuseen.at\">c.sporer@tiroler-landesmuseen.at<\/a><\/p>\t\t\t\t\t\t<\/div>\n\t\t\t\t<\/div>\n\t\t\t\t<div class=\"elementor-element elementor-element-0dda106 elementor-widget elementor-widget-text-editor\" data-id=\"0dda106\" data-element_type=\"widget\" data-widget_type=\"text-editor.default\">\n\t\t\t\t<div class=\"elementor-widget-container\">\n\t\t\t\t\t\t\t<h3 style=\"background-color: #f6f8f8;\">VORARLBERG<\/h3><h3 style=\"background-color: #f6f8f8;\">\u00a0<\/h3><p style=\"background-color: #f6f8f8;\"><span style=\"font-weight: bold;\">VORARLBERGER LANDESMUSEUM<\/span><br \/>Kornmarktplatz 1, 6900 Bregenz<br \/><a href=\"https:\/\/www.vorarlbergmuseum.at\/sammlung\/forschung-kooperation\/\" target=\"_blank\" rel=\"noopener\">www.vorarlbergmuseum.at\/sammlung\/forschung-kooperation<\/a><\/p><p style=\"background-color: #f6f8f8;\">Peter MELICHAR<br \/><a href=\"mailto:p.melichar@vorarlbergmuseum.at\">p.melichar@vorarlbergmuseum.at<\/a><\/p>\t\t\t\t\t\t<\/div>\n\t\t\t\t<\/div>\n\t\t\t\t<div class=\"elementor-element elementor-element-4c54105 elementor-widget elementor-widget-text-editor\" data-id=\"4c54105\" data-element_type=\"widget\" data-widget_type=\"text-editor.default\">\n\t\t\t\t<div class=\"elementor-widget-container\">\n\t\t\t\t\t\t\t<h3 style=\"background-color: #f6f8f8;\">VIENNA<\/h3><p style=\"background-color: #f6f8f8;\"><span style=\"font-weight: bold;\">CLAIMS CONFERENCE, COMMITTEE FOR JEWISH CLAIMS ON AUSTRIA<\/span><br \/>Desider-Friedmann-Platz 1, 1010 Wien<br \/><a href=\"http:\/\/art.claimscon.org\/\">art.claimscon.org<\/a><\/p><p style=\"background-color: #f6f8f8;\">Markus FEURSTEIN<br \/>Tel.: +43 1 533 1622<br \/><a href=\"mailto:Markus.Feurstein@claimscon.org\">Markus.Feurstein@claimscon.org<\/a><\/p><p style=\"background-color: #f6f8f8;\">Ruth WEINBERGER<br \/><a href=\"mailto:Ruth.Weinberger@claimscon.org\">Ruth.Weinberger@claimscon.org<\/a><\/p>\t\t\t\t\t\t<\/div>\n\t\t\t\t<\/div>\n\t\t\t\t<div class=\"elementor-element elementor-element-16d54a5 elementor-widget elementor-widget-text-editor\" data-id=\"16d54a5\" data-element_type=\"widget\" data-widget_type=\"text-editor.default\">\n\t\t\t\t<div class=\"elementor-widget-container\">\n\t\t\t\t\t\t\t<p style=\"background-color: #f6f8f8;\"><span style=\"font-weight: bold;\">DOROTHEUM GmbH &amp; Co KG<\/span><br \/>Dorotheergasse 17, 1010 Wien<\/p><p style=\"background-color: #f6f8f8;\">Felicitas THURN-VALSASSINA<br \/>Tel.: +43 1 515 60 306<br \/><a href=\"mailto:felicitas.thurn@dorotheum.at\">felicitas.thurn@dorotheum.at<\/a><\/p><p style=\"background-color: #f6f8f8;\">Katja ZIRNSACK<br \/>Tel.: +43 1 515 60 324<br \/><a href=\"mailto:katja.fischer@dorotheum.at\">katja.zirnsack@dorotheum.at<\/a><\/p>\t\t\t\t\t\t<\/div>\n\t\t\t\t<\/div>\n\t\t\t\t<div class=\"elementor-element elementor-element-3d8f71b elementor-widget elementor-widget-text-editor\" data-id=\"3d8f71b\" data-element_type=\"widget\" data-widget_type=\"text-editor.default\">\n\t\t\t\t<div class=\"elementor-widget-container\">\n\t\t\t\t\t\t\t<p style=\"background-color: #f6f8f8;\"><span style=\"background-color: rgb(246, 248, 248); font-weight: 700;\">JEWISH MUSEUM VIENNA<\/span><br><span style=\"background-color: rgb(246, 248, 248);\">Dorotheergasse 11, 1010 Wien<\/span><br><a href=\"http:\/\/www.jmw.at\/de\/provenienzforschung\" target=\"_blank\" rel=\"noopener\" style=\"background-color: rgb(246, 248, 248); color: rgb(177, 83, 0);\">www.jmw.at\/de\/provenienzforschung<\/a><br><\/p>\t\t\t\t\t\t<\/div>\n\t\t\t\t<\/div>\n\t\t\t\t<div class=\"elementor-element elementor-element-7238b1e elementor-widget elementor-widget-text-editor\" data-id=\"7238b1e\" data-element_type=\"widget\" data-widget_type=\"text-editor.default\">\n\t\t\t\t<div class=\"elementor-widget-container\">\n\t\t\t\t\t\t\t<p style=\"background-color: #f6f8f8;\"><span style=\"font-weight: bold;\">VETERIN\u00c4RMEDIZINISCHE UNIVERSIT\u00c4T WIEN<\/span><br \/>Veterin\u00e4rplatz 1, 1210 Wien<\/p><p style=\"background-color: #f6f8f8;\">Zuzana RACZOVA<br \/><a style=\"color: #b15300;\" href=\"mailto:Zuzana.Raczova@vetmeduni.ac.at\">Zuzana.Raczova@vetmeduni.ac.at<\/a><\/p>\t\t\t\t\t\t<\/div>\n\t\t\t\t<\/div>\n\t\t\t\t<div class=\"elementor-element elementor-element-47abe8f elementor-widget elementor-widget-text-editor\" data-id=\"47abe8f\" data-element_type=\"widget\" data-widget_type=\"text-editor.default\">\n\t\t\t\t<div class=\"elementor-widget-container\">\n\t\t\t\t\t\t\t<p style=\"background-color: #f6f8f8;\"><span style=\"font-weight: bold;\">WIENBIBLIOTHEK IM RATHAUS<\/span><br \/>Rathaus, 1082 Wien<br \/><a href=\"https:\/\/www.wienbibliothek.at\/ueber-uns\/provenienzforschung\" target=\"_blank\" rel=\"noopener\">www.wienbibliothek.at\/ueber-uns\/provenienzforschung<\/a><\/p><p style=\"background-color: #f6f8f8;\">Christian MERTENS<br \/><a href=\"mailto:christian.mertens@wienbibliothek.at\">christian.mertens@wienbibliothek.at<\/a><\/p>\t\t\t\t\t\t<\/div>\n\t\t\t\t<\/div>\n\t\t\t\t<div class=\"elementor-element elementor-element-1511574 elementor-widget elementor-widget-text-editor\" data-id=\"1511574\" data-element_type=\"widget\" data-widget_type=\"text-editor.default\">\n\t\t\t\t<div class=\"elementor-widget-container\">\n\t\t\t\t\t\t\t<h2 style=\"background-color: #f6f8f8;\"><\/h2><p style=\"background-color: rgb(246, 248, 248); font-size: 14px; text-transform: none;\"><span style=\"font-weight: 700;\">WIEN MUSEUM<\/span><br>Karlsplatz, 1040 Wien<br><a href=\"https:\/\/www.wienmuseum.at\/de\/sammlungen\/rightcol\/restitution\" target=\"_blank\" rel=\"noopener\">www.wienmuseum.at\/de\/sammlungen\/rightcol\/restitution<\/a><\/p><p style=\"background-color: rgb(246, 248, 248); font-size: 14px; text-transform: none;\">Gerhard MILCHRAM<br>Tel: +43 1 505 87 47 84034<br><a href=\"mailto:gerhard.milchram@wienmuseum.at\">gerhard.milchram@wienmuseum.at<\/a><\/p><p style=\"background-color: rgb(246, 248, 248); font-size: 14px; text-transform: none;\">Michael WLADIKA <br>Tel: +43 1 505 87 47 84034<br><a href=\"mailto:michael.wladika@wienmuseum.at\">michael.wladika@wienmuseum.at<\/a><\/p>\t\t\t\t\t\t<\/div>\n\t\t\t\t<\/div>\n\t\t\t\t<div class=\"elementor-element elementor-element-d251660 elementor-widget elementor-widget-text-editor\" data-id=\"d251660\" data-element_type=\"widget\" data-widget_type=\"text-editor.default\">\n\t\t\t\t<div class=\"elementor-widget-container\">\n\t\t\t\t\t\t\t<h2 style=\"background-color: rgb(246, 248, 248);\">INTERNATIONAL<\/h2><h2 style=\"background-color: #f6f8f8;\"><\/h2><p style=\"background-color: rgb(246, 248, 248); font-size: 14px; text-transform: none;\"><span style=\"font-weight: 700;\">Conference on Jewish Material Claims Against Germany, Inc. (Claims Conference)<\/span><br><a href=\"http:\/\/www.claimscon.de\/\" target=\"_blank\" rel=\"noopener\" style=\"color: rgb(177, 83, 0);\">http:\/\/www.claimscon.de\/<\/a><\/p>\t\t\t\t\t\t<\/div>\n\t\t\t\t<\/div>\n\t\t\t\t<div class=\"elementor-element elementor-element-4a75be5 elementor-widget elementor-widget-text-editor\" data-id=\"4a75be5\" data-element_type=\"widget\" data-widget_type=\"text-editor.default\">\n\t\t\t\t<div class=\"elementor-widget-container\">\n\t\t\t\t\t\t\t<h2 style=\"background-color: rgb(246, 248, 248);\">POLAND<\/h2><p style=\"background-color: rgb(246, 248, 248);\"><span style=\"font-weight: 700;\">The Ministry of Culture and National Heritage<\/span><br><a href=\"http:\/\/mkidn.gov.pl\/pages\/the-ministry-of-culture-and-national-heritage.php?lang=EN\" target=\"_blank\" rel=\"noopener\">http:\/\/mkidn.gov.pl\/pages\/the-ministry-of-culture-and-national-heritage.php?lang=EN<\/a><\/p>\t\t\t\t\t\t<\/div>\n\t\t\t\t<\/div>\n\t\t\t\t<div class=\"elementor-element elementor-element-ae87ce3 elementor-widget elementor-widget-text-editor\" data-id=\"ae87ce3\" data-element_type=\"widget\" data-widget_type=\"text-editor.default\">\n\t\t\t\t<div class=\"elementor-widget-container\">\n\t\t\t\t\t\t\t<h2 style=\"background-color: #f6f8f8;\">CZECH REPUBLIC<\/h2><p class=\"head\" style=\"background-color: #f6f8f8;\"><span style=\"font-weight: bold;\">Documentation Centre for Property Transfers of Cultural Assets of WW II Victims<\/span><br><a href=\"http:\/\/www.cdmp.cz\/en\" target=\"_blank\" rel=\"noopener\">http:\/\/www.cdmp.cz\/en<\/a><\/p>\t\t\t\t\t\t<\/div>\n\t\t\t\t<\/div>\n\t\t\t\t\t<\/div>\n\t\t<\/div>\n\t\t\t\t\t\t\t<\/div>\n\t\t<\/section>\n\t\t\t\t\t\t\t<\/div>\n\t\t<\/div>","protected":false},"excerpt":{"rendered":"<p class=\"excerpt\">FURTHER INSTITUTIONS AUSTRIA BURGENLAND SAMMLUNGEN DES LANDES BURGENLANDAmt der Burgenl\u00e4ndischen Landesregierung, Abteilung 7 &#8211; Bildung, Kultur und Gesellschaft, Hauptreferat SammlungenMuseumgasse 1\u20135, 7000 Eisenstadt Gert POLSTERTel.: +43 2682 600 1212gert.polster@bgld.gv.at CARINTHIA LANDESMUSEUM F\u00dcR K\u00c4RNTENSammlungs- und WissenschaftszentrumLiberogasse 6, 9020 Klagenfurt Ute BRINCKMANN-BLAHAute.brinckmann@landesmuseum.ktn.gv.at LOWER AUSTRIA LANDESSAMMLUNGEN NIEDER\u00d6STERREICHAmt der N\u00d6 Landesregierung Abteilung Kunst und KulturLandhausplatz 1, 3109 St. P\u00f6ltenwww.landessammlungen-noe.at\/de\/provenienzforschung.html [&hellip;]<\/p>\n","protected":false},"author":3,"featured_media":0,"parent":3279,"menu_order":6,"comment_status":"closed","ping_status":"closed","template":"","meta":{"inline_featured_image":false,"footnotes":""},"_links":{"self":[{"href":"https:\/\/provenienzforschung.gv.at\/en\/wp-json\/wp\/v2\/pages\/3529"}],"collection":[{"href":"https:\/\/provenienzforschung.gv.at\/en\/wp-json\/wp\/v2\/pages"}],"about":[{"href":"https:\/\/provenienzforschung.gv.at\/en\/wp-json\/wp\/v2\/types\/page"}],"author":[{"embeddable":true,"href":"https:\/\/provenienzforschung.gv.at\/en\/wp-json\/wp\/v2\/users\/3"}],"replies":[{"embeddable":true,"href":"https:\/\/provenienzforschung.gv.at\/en\/wp-json\/wp\/v2\/comments?post=3529"}],"version-history":[{"count":30,"href":"https:\/\/provenienzforschung.gv.at\/en\/wp-json\/wp\/v2\/pages\/3529\/revisions"}],"predecessor-version":[{"id":11830,"href":"https:\/\/provenienzforschung.gv.at\/en\/wp-json\/wp\/v2\/pages\/3529\/revisions\/11830"}],"up":[{"embeddable":true,"href":"https:\/\/provenienzforschung.gv.at\/en\/wp-json\/wp\/v2\/pages\/3279"}],"wp:attachment":[{"href":"https:\/\/provenienzforschung.gv.at\/en\/wp-json\/wp\/v2\/media?parent=3529"}],"curies":[{"name":"wp","href":"https:\/\/api.w.org\/{rel}","templated":true}]}}